{"id":16,"date":"2020-07-20T08:47:45","date_gmt":"2020-07-20T08:47:45","guid":{"rendered":"https:\/\/zsnr7.net\/wolontariat\/services\/"},"modified":"2024-12-16T21:53:16","modified_gmt":"2024-12-16T20:53:16","slug":"trwajace","status":"publish","type":"page","link":"https:\/\/zsnr7.net\/wolontariat\/trwajace\/","title":{"rendered":"Trwaj\u0105ce akcje"},"content":{"rendered":"\t\t<div data-elementor-type=\"wp-page\" data-elementor-id=\"16\" class=\"elementor elementor-16\">\n\t\t\t\t<div class=\"elementor-element elementor-element-f2952e3 e-flex e-con-boxed e-con e-parent\" data-id=\"f2952e3\" data-element_type=\"container\" data-settings=\"{&quot;background_background&quot;:&quot;classic&quot;}\">\n\t\t\t\t\t<div class=\"e-con-inner\">\n\t\t<div class=\"elementor-element elementor-element-9279336 e-con-full e-flex e-con e-child\" data-id=\"9279336\" data-element_type=\"container\">\n\t\t\t\t<div class=\"elementor-element elementor-element-1955f8f elementor-widget elementor-widget-heading\" data-id=\"1955f8f\" data-element_type=\"widget\" data-widget_type=\"heading.default\">\n\t\t\t\t<div class=\"elementor-widget-container\">\n\t\t\t<style>\/*! elementor - v3.21.0 - 18-04-2024 *\/\n.elementor-heading-title{padding:0;margin:0;line-height:1}.elementor-widget-heading .elementor-heading-title[class*=elementor-size-]>a{color:inherit;font-size:inherit;line-height:inherit}.elementor-widget-heading .elementor-heading-title.elementor-size-small{font-size:15px}.elementor-widget-heading .elementor-heading-title.elementor-size-medium{font-size:19px}.elementor-widget-heading .elementor-heading-title.elementor-size-large{font-size:29px}.elementor-widget-heading .elementor-heading-title.elementor-size-xl{font-size:39px}.elementor-widget-heading .elementor-heading-title.elementor-size-xxl{font-size:59px}<\/style><h1 class=\"elementor-heading-title elementor-size-default\">Trwaj\u0105ce dzia\u0142ania<\/h1>\t\t<\/div>\n\t\t\t\t<\/div>\n\t\t\t\t<\/div>\n\t\t\t\t\t<\/div>\n\t\t\t\t<\/div>\n\t\t<div class=\"elementor-element elementor-element-d01a30d e-flex e-con-boxed e-con e-parent\" data-id=\"d01a30d\" data-element_type=\"container\" data-settings=\"{&quot;background_background&quot;:&quot;classic&quot;}\">\n\t\t\t\t\t<div class=\"e-con-inner\">\n\t\t<div class=\"elementor-element elementor-element-58b2d24 e-con-full e-flex e-con e-child\" data-id=\"58b2d24\" data-element_type=\"container\">\n\t\t<div class=\"elementor-element elementor-element-6472c1d e-con-full e-flex e-con e-child\" data-id=\"6472c1d\" data-element_type=\"container\">\n\t\t<div class=\"elementor-element elementor-element-e5c08bb e-con-full e-flex e-con e-child\" data-id=\"e5c08bb\" data-element_type=\"container\">\n\t\t\t\t<div class=\"elementor-element elementor-element-72b132a elementor-widget elementor-widget-text-editor\" data-id=\"72b132a\" data-element_type=\"widget\" data-widget_type=\"text-editor.default\">\n\t\t\t\t<div class=\"elementor-widget-container\">\n\t\t\t<style>\/*! elementor - v3.21.0 - 18-04-2024 *\/\n.elementor-widget-text-editor.elementor-drop-cap-view-stacked .elementor-drop-cap{background-color:#69727d;color:#fff}.elementor-widget-text-editor.elementor-drop-cap-view-framed .elementor-drop-cap{color:#69727d;border:3px solid;background-color:transparent}.elementor-widget-text-editor:not(.elementor-drop-cap-view-default) .elementor-drop-cap{margin-top:8px}.elementor-widget-text-editor:not(.elementor-drop-cap-view-default) .elementor-drop-cap-letter{width:1em;height:1em}.elementor-widget-text-editor .elementor-drop-cap{float:left;text-align:center;line-height:1;font-size:50px}.elementor-widget-text-editor .elementor-drop-cap-letter{display:inline-block}<\/style>\t\t\t\t<p style=\"text-align: center;\"><strong>Nakr\u0119tki zbieramy dla<\/strong><\/p><p style=\"text-align: center;\"><strong>Huberta Drapi\u0144skiego<\/strong><\/p>\t\t\t\t\t\t<\/div>\n\t\t\t\t<\/div>\n\t\t\t\t<div class=\"elementor-element elementor-element-a252773 elementor-widget elementor-widget-image\" data-id=\"a252773\" data-element_type=\"widget\" data-widget_type=\"image.default\">\n\t\t\t\t<div class=\"elementor-widget-container\">\n\t\t\t<style>\/*! elementor - v3.21.0 - 18-04-2024 *\/\n.elementor-widget-image{text-align:center}.elementor-widget-image a{display:inline-block}.elementor-widget-image a img[src$=\".svg\"]{width:48px}.elementor-widget-image img{vertical-align:middle;display:inline-block}<\/style>\t\t\t\t\t\t\t\t\t\t\t<a href=\"https:\/\/zsnr7.net\/wolontariat\/wp-content\/uploads\/2023\/12\/hds.jpg\" target=\"_blank\">\n\t\t\t\t\t\t\t<img fetchpriority=\"high\" decoding=\"async\" width=\"212\" height=\"300\" src=\"https:\/\/zsnr7.net\/wolontariat\/wp-content\/uploads\/2023\/12\/hdm-212x300.jpg\" class=\"attachment-medium size-medium wp-image-777\" alt=\"\" srcset=\"https:\/\/zsnr7.net\/wolontariat\/wp-content\/uploads\/2023\/12\/hdm-212x300.jpg 212w, https:\/\/zsnr7.net\/wolontariat\/wp-content\/uploads\/2023\/12\/hdm.jpg 362w\" sizes=\"(max-width: 212px) 100vw, 212px\" \/>\t\t\t\t\t\t\t\t<\/a>\n\t\t\t\t\t\t\t\t\t\t\t\t\t<\/div>\n\t\t\t\t<\/div>\n\t\t\t\t<\/div>\n\t\t<div class=\"elementor-element elementor-element-094af48 e-con-full e-flex e-con e-child\" data-id=\"094af48\" data-element_type=\"container\">\n\t\t\t\t<div class=\"elementor-element elementor-element-cb62c38 elementor-widget elementor-widget-spacer\" data-id=\"cb62c38\" data-element_type=\"widget\" data-widget_type=\"spacer.default\">\n\t\t\t\t<div class=\"elementor-widget-container\">\n\t\t\t<style>\/*! elementor - v3.21.0 - 18-04-2024 *\/\n.elementor-column .elementor-spacer-inner{height:var(--spacer-size)}.e-con{--container-widget-width:100%}.e-con-inner>.elementor-widget-spacer,.e-con>.elementor-widget-spacer{width:var(--container-widget-width,var(--spacer-size));--align-self:var(--container-widget-align-self,initial);--flex-shrink:0}.e-con-inner>.elementor-widget-spacer>.elementor-widget-container,.e-con>.elementor-widget-spacer>.elementor-widget-container{height:100%;width:100%}.e-con-inner>.elementor-widget-spacer>.elementor-widget-container>.elementor-spacer,.e-con>.elementor-widget-spacer>.elementor-widget-container>.elementor-spacer{height:100%}.e-con-inner>.elementor-widget-spacer>.elementor-widget-container>.elementor-spacer>.elementor-spacer-inner,.e-con>.elementor-widget-spacer>.elementor-widget-container>.elementor-spacer>.elementor-spacer-inner{height:var(--container-widget-height,var(--spacer-size))}.e-con-inner>.elementor-widget-spacer.elementor-widget-empty,.e-con>.elementor-widget-spacer.elementor-widget-empty{position:relative;min-height:22px;min-width:22px}.e-con-inner>.elementor-widget-spacer.elementor-widget-empty .elementor-widget-empty-icon,.e-con>.elementor-widget-spacer.elementor-widget-empty .elementor-widget-empty-icon{position:absolute;top:0;bottom:0;left:0;right:0;margin:auto;padding:0;width:22px;height:22px}<\/style>\t\t<div class=\"elementor-spacer\">\n\t\t\t<div class=\"elementor-spacer-inner\"><\/div>\n\t\t<\/div>\n\t\t\t\t<\/div>\n\t\t\t\t<\/div>\n\t\t\t\t<div class=\"elementor-element elementor-element-20250b9 elementor-widget elementor-widget-image\" data-id=\"20250b9\" data-element_type=\"widget\" data-widget_type=\"image.default\">\n\t\t\t\t<div class=\"elementor-widget-container\">\n\t\t\t\t\t\t\t\t\t\t\t\t\t\t<a href=\"https:\/\/zsnr7.net\/wolontariat\/wp-content\/uploads\/2023\/12\/nakretki.jpg\" target=\"_blank\">\n\t\t\t\t\t\t\t<img decoding=\"async\" width=\"214\" height=\"300\" src=\"https:\/\/zsnr7.net\/wolontariat\/wp-content\/uploads\/2023\/12\/nakretki-214x300.jpg\" class=\"attachment-medium size-medium wp-image-781\" alt=\"\" srcset=\"https:\/\/zsnr7.net\/wolontariat\/wp-content\/uploads\/2023\/12\/nakretki-214x300.jpg 214w, https:\/\/zsnr7.net\/wolontariat\/wp-content\/uploads\/2023\/12\/nakretki-730x1024.jpg 730w, https:\/\/zsnr7.net\/wolontariat\/wp-content\/uploads\/2023\/12\/nakretki-768x1077.jpg 768w, https:\/\/zsnr7.net\/wolontariat\/wp-content\/uploads\/2023\/12\/nakretki-1095x1536.jpg 1095w, https:\/\/zsnr7.net\/wolontariat\/wp-content\/uploads\/2023\/12\/nakretki.jpg 1460w\" sizes=\"(max-width: 214px) 100vw, 214px\" \/>\t\t\t\t\t\t\t\t<\/a>\n\t\t\t\t\t\t\t\t\t\t\t\t\t<\/div>\n\t\t\t\t<\/div>\n\t\t\t\t<\/div>\n\t\t\t\t<\/div>\n\t\t<div class=\"elementor-element elementor-element-2773743 e-con-full e-flex e-con e-child\" data-id=\"2773743\" data-element_type=\"container\">\n\t\t<div class=\"elementor-element elementor-element-a3a3be2 e-con-full e-flex e-con e-child\" data-id=\"a3a3be2\" data-element_type=\"container\">\n\t\t\t\t<div class=\"elementor-element elementor-element-7de1ea4 elementor-widget elementor-widget-text-editor\" data-id=\"7de1ea4\" data-element_type=\"widget\" data-widget_type=\"text-editor.default\">\n\t\t\t\t<div class=\"elementor-widget-container\">\n\t\t\t\t\t\t\t<p style=\"text-align: center;\"><b>Zbieramy zu\u017cyte\u00a0<\/b><\/p><p style=\"text-align: center;\"><b>baterie dla \u015brodowiska<\/b><\/p>\t\t\t\t\t\t<\/div>\n\t\t\t\t<\/div>\n\t\t\t\t<\/div>\n\t\t<div class=\"elementor-element elementor-element-49f0fba e-con-full e-flex e-con e-child\" data-id=\"49f0fba\" data-element_type=\"container\">\n\t\t\t\t<div class=\"elementor-element elementor-element-16297d8 elementor-widget elementor-widget-image\" data-id=\"16297d8\" data-element_type=\"widget\" data-widget_type=\"image.default\">\n\t\t\t\t<div class=\"elementor-widget-container\">\n\t\t\t\t\t\t\t\t\t\t\t\t\t\t<a href=\"https:\/\/zsnr7.net\/wolontariat\/wp-content\/uploads\/2023\/12\/batd.jpg\" target=\"_blank\">\n\t\t\t\t\t\t\t<img decoding=\"async\" width=\"215\" height=\"300\" src=\"https:\/\/zsnr7.net\/wolontariat\/wp-content\/uploads\/2023\/12\/bateriem-215x300.jpg\" class=\"attachment-medium size-medium wp-image-789\" alt=\"\" srcset=\"https:\/\/zsnr7.net\/wolontariat\/wp-content\/uploads\/2023\/12\/bateriem-215x300.jpg 215w, https:\/\/zsnr7.net\/wolontariat\/wp-content\/uploads\/2023\/12\/bateriem.jpg 362w\" sizes=\"(max-width: 215px) 100vw, 215px\" \/>\t\t\t\t\t\t\t\t<\/a>\n\t\t\t\t\t\t\t\t\t\t\t\t\t<\/div>\n\t\t\t\t<\/div>\n\t\t\t\t<\/div>\n\t\t\t\t<\/div>\n\t\t<div class=\"elementor-element elementor-element-2e389a0 e-con-full e-flex e-con e-child\" data-id=\"2e389a0\" data-element_type=\"container\">\n\t\t<div class=\"elementor-element elementor-element-21b614b e-con-full e-flex e-con e-child\" data-id=\"21b614b\" data-element_type=\"container\">\n\t\t\t\t<div class=\"elementor-element elementor-element-28eee44 elementor-widget elementor-widget-image\" data-id=\"28eee44\" data-element_type=\"widget\" data-widget_type=\"image.default\">\n\t\t\t\t<div class=\"elementor-widget-container\">\n\t\t\t\t\t\t\t\t\t\t\t\t\t<img decoding=\"async\" src=\"https:\/\/zsnr7.net\/wolontariat\/wp-content\/uploads\/2020\/07\/services-04-free-img.jpg\" title=\"\" alt=\"\" loading=\"lazy\" \/>\t\t\t\t\t\t\t\t\t\t\t\t\t<\/div>\n\t\t\t\t<\/div>\n\t\t\t\t<\/div>\n\t\t<div class=\"elementor-element elementor-element-1ac5da2 e-con-full e-flex e-con e-child\" data-id=\"1ac5da2\" data-element_type=\"container\">\n\t\t\t\t<\/div>\n\t\t\t\t<\/div>\n\t\t<div class=\"elementor-element elementor-element-0d3e983 e-con-full e-flex e-con e-child\" data-id=\"0d3e983\" data-element_type=\"container\">\n\t\t<div class=\"elementor-element elementor-element-10d8ce7 e-con-full e-flex e-con e-child\" data-id=\"10d8ce7\" data-element_type=\"container\">\n\t\t\t\t<div class=\"elementor-element elementor-element-a7e6686 elementor-widget elementor-widget-image\" data-id=\"a7e6686\" data-element_type=\"widget\" data-widget_type=\"image.default\">\n\t\t\t\t<div class=\"elementor-widget-container\">\n\t\t\t\t\t\t\t\t\t\t\t\t\t<img decoding=\"async\" src=\"https:\/\/zsnr7.net\/wolontariat\/wp-content\/uploads\/2020\/07\/services-03-free-img.jpg\" title=\"\" alt=\"\" loading=\"lazy\" \/>\t\t\t\t\t\t\t\t\t\t\t\t\t<\/div>\n\t\t\t\t<\/div>\n\t\t\t\t<\/div>\n\t\t\t\t<\/div>\n\t\t\t\t<\/div>\n\t\t\t\t\t<\/div>\n\t\t\t\t<\/div>\n\t\t\t\t<\/div>\n\t\t","protected":false},"excerpt":{"rendered":"<p>Trwaj\u0105ce dzia\u0142ania Nakr\u0119tki zbieramy dla Huberta Drapi\u0144skiego Zbieramy zu\u017cyte\u00a0 baterie dla \u015brodowiska<\/p>\n","protected":false},"author":1,"featured_media":0,"parent":0,"menu_order":0,"comment_status":"closed","ping_status":"closed","template":"","meta":{"site-sidebar-layout":"no-sidebar","site-content-layout":"page-builder","ast-site-content-layout":"","site-content-style":"default","site-sidebar-style":"default","ast-global-header-display":"","ast-banner-title-visibility":"","ast-main-header-display":"","ast-hfb-above-header-display":"","ast-hfb-below-header-display":"","ast-hfb-mobile-header-display":"","site-post-title":"disabled","ast-breadcrumbs-content":"disabled","ast-featured-img":"disabled","footer-sml-layout":"","theme-transparent-header-meta":"enabled","adv-header-id-meta":"","stick-header-meta":"","header-above-stick-meta":"","header-main-stick-meta":"","header-below-stick-meta":"","astra-migrate-meta-layouts":"","ast-page-background-enabled":"default","ast-page-background-meta":{"desktop":{"background-color":"","background-image":"","background-repeat":"repeat","background-position":"center center","background-size":"auto","background-attachment":"scroll","background-type":"","background-media":"","overlay-type":"","overlay-color":"","overlay-gradient":""},"tablet":{"background-color":"","background-image":"","background-repeat":"repeat","background-position":"center center","background-size":"auto","background-attachment":"scroll","background-type":"","background-media":"","overlay-type":"","overlay-color":"","overlay-gradient":""},"mobile":{"background-color":"","background-image":"","background-repeat":"repeat","background-position":"center center","background-size":"auto","background-attachment":"scroll","background-type":"","background-media":"","overlay-type":"","overlay-color":"","overlay-gradient":""}},"ast-content-background-meta":{"desktop":{"background-color":"var(--ast-global-color-5)","background-image":"","background-repeat":"repeat","background-position":"center center","background-size":"auto","background-attachment":"scroll","background-type":"","background-media":"","overlay-type":"","overlay-color":"","overlay-gradient":""},"tablet":{"background-color":"var(--ast-global-color-5)","background-image":"","background-repeat":"repeat","background-position":"center center","background-size":"auto","background-attachment":"scroll","background-type":"","background-media":"","overlay-type":"","overlay-color":"","overlay-gradient":""},"mobile":{"background-color":"var(--ast-global-color-5)","background-image":"","background-repeat":"repeat","background-position":"center center","background-size":"auto","background-attachment":"scroll","background-type":"","background-media":"","overlay-type":"","overlay-color":"","overlay-gradient":""}},"footnotes":""},"class_list":["post-16","page","type-page","status-publish","hentry"],"_links":{"self":[{"href":"https:\/\/zsnr7.net\/wolontariat\/wp-json\/wp\/v2\/pages\/16","targetHints":{"allow":["GET"]}}],"collection":[{"href":"https:\/\/zsnr7.net\/wolontariat\/wp-json\/wp\/v2\/pages"}],"about":[{"href":"https:\/\/zsnr7.net\/wolontariat\/wp-json\/wp\/v2\/types\/page"}],"author":[{"embeddable":true,"href":"https:\/\/zsnr7.net\/wolontariat\/wp-json\/wp\/v2\/users\/1"}],"replies":[{"embeddable":true,"href":"https:\/\/zsnr7.net\/wolontariat\/wp-json\/wp\/v2\/comments?post=16"}],"version-history":[{"count":29,"href":"https:\/\/zsnr7.net\/wolontariat\/wp-json\/wp\/v2\/pages\/16\/revisions"}],"predecessor-version":[{"id":1113,"href":"https:\/\/zsnr7.net\/wolontariat\/wp-json\/wp\/v2\/pages\/16\/revisions\/1113"}],"wp:attachment":[{"href":"https:\/\/zsnr7.net\/wolontariat\/wp-json\/wp\/v2\/media?parent=16"}],"curies":[{"name":"wp","href":"https:\/\/api.w.org\/{rel}","templated":true}]}}